{"id":125,"date":"2023-09-09T17:05:33","date_gmt":"2023-09-09T17:05:33","guid":{"rendered":"https:\/\/tetoviranje.net\/?page_id=125"},"modified":"2025-07-29T11:39:44","modified_gmt":"2025-07-29T11:39:44","slug":"galerija","status":"publish","type":"page","link":"https:\/\/tetoviranje.net\/sr\/galerija\/","title":{"rendered":"Galerija"},"content":{"rendered":"<p>[et_pb_section fb_built=&#8220;1&#8243; admin_label=&#8220;Call to Action&#8220; _builder_version=&#8220;4.22.2&#8243; _module_preset=&#8220;default&#8220; background_color=&#8220;#000000&#8243; saved_tabs=&#8220;all&#8220; collapsed=&#8220;off&#8220; global_colors_info=&#8220;{}&#8220;][et_pb_row _builder_version=&#8220;4.27.4&#8243; _module_preset=&#8220;default&#8220; use_background_color_gradient=&#8220;on&#8220; background_color_gradient_stops=&#8220;rgba(0,0,0,0.5) 0%|rgba(0,0,0,0.5) 100%&#8220; background_color_gradient_overlays_image=&#8220;on&#8220; background_image=&#8220;http:\/\/tetoviranje.net\/wp-content\/uploads\/2024\/10\/vukt97_anime_manga_style_tattoed_guy_taking_a_photo_with_retro__5bc1d782-201e-4721-9d69-d17f871b0043.png&#8220; background_size=&#8220;contain&#8220; width=&#8220;100%&#8220; max_width=&#8220;2560px&#8220; module_alignment=&#8220;center&#8220; min_height=&#8220;250px&#8220; height=&#8220;250px&#8220; max_height=&#8220;500px&#8220; custom_padding=&#8220;5.3%|8%|5.3%|8%|true|true&#8220; module_alignment_tablet=&#8220;center&#8220; module_alignment_phone=&#8220;center&#8220; module_alignment_last_edited=&#8220;on|phone&#8220; border_color_all=&#8220;#FF5107&#8243; global_colors_info=&#8220;{}&#8220;][et_pb_column type=&#8220;4_4&#8243; _builder_version=&#8220;4.22.2&#8243; _module_preset=&#8220;default&#8220; global_colors_info=&#8220;{}&#8220;][et_pb_text _builder_version=&#8220;4.27.4&#8243; _module_preset=&#8220;4fd79f30-3b03-427c-a7b1-5b43fe2d1e00&#8243; text_text_color=&#8220;#FFFFFF&#8220; header_font=&#8220;Poppins|||on|||||&#8220; header_text_color=&#8220;#FFFFFF&#8220; header_font_size=&#8220;44px&#8220; positioning=&#8220;absolute&#8220; position_origin_a=&#8220;bottom_right&#8220; position_origin_f=&#8220;bottom_right&#8220; position_origin_r=&#8220;bottom_right&#8220; vertical_offset=&#8220;-125px&#8220; horizontal_offset=&#8220;-26px&#8220; vertical_offset_tablet=&#8220;0px&#8220; vertical_offset_phone=&#8220;-200px&#8220; vertical_offset_last_edited=&#8220;on|phone&#8220; horizontal_offset_tablet=&#8220;-26px&#8220; horizontal_offset_phone=&#8220;-18px&#8220; horizontal_offset_last_edited=&#8220;on|phone&#8220; text_orientation=&#8220;center&#8220; header_font_size_tablet=&#8220;&#8220; header_font_size_phone=&#8220;33px&#8220; header_font_size_last_edited=&#8220;on|phone&#8220; global_colors_info=&#8220;{}&#8220;]<\/p>\n<h1>GALERIJA<\/h1>\n<p>[\/et_pb_text][\/et_pb_column][\/et_pb_row][\/et_pb_section][et_pb_section fb_built=&#8220;1&#8243; admin_label=&#8220;Header&#8220; _builder_version=&#8220;4.22.2&#8243; _module_preset=&#8220;default&#8220; background_color=&#8220;#000000&#8243; background_enable_image=&#8220;off&#8220; parallax=&#8220;on&#8220; custom_padding=&#8220;||0px||false|false&#8220; collapsed=&#8220;on&#8220; global_colors_info=&#8220;{}&#8220;][et_pb_row _builder_version=&#8220;4.22.2&#8243; _module_preset=&#8220;default&#8220; width=&#8220;100%&#8220; max_width=&#8220;90%&#8220; locked=&#8220;off&#8220; global_colors_info=&#8220;{}&#8220;][et_pb_column type=&#8220;4_4&#8243; _builder_version=&#8220;4.22.2&#8243; _module_preset=&#8220;default&#8220; global_colors_info=&#8220;{}&#8220;][et_pb_gallery gallery_ids=&#8220;1180,1183,1186,1189,1192,1195,1198,1201,1204,1207,1210,1213,1216,1219,1222,1225,1228,1231,1234,1237,1240,1243,1246,1249,1252,1255,1258,1261,1264,1267,1270,1273,1276,1279,1282,1285,1288,1291,1294,1297,1300,1303,1306,1309,1312,1315,1318,1321,1324,1327,1330,1333,1336,1339,1342,1345,1348,1351,1354,1357,1360,1363,1366,1369,1372,1375,1378,1381,1384,1387,1390,1393,1396,1399&#8243; posts_number=&#8220;6&#8243; orientation=&#8220;portrait&#8220; show_title_and_caption=&#8220;off&#8220; show_pagination=&#8220;off&#8220; module_class=&#8220;pa-gallery-load-more&#8220; _builder_version=&#8220;4.22.2&#8243; _module_preset=&#8220;default&#8220; custom_margin=&#8220;0px|0px|2%|0px|false|false&#8220; custom_margin_tablet=&#8220;0px|0px|0px|0px|false|false&#8220; custom_margin_phone=&#8220;0px|0px|4%|0px|false|false&#8220; custom_margin_last_edited=&#8220;on|phone&#8220; custom_padding=&#8220;0px|0px|0px|0px|false|false&#8220; custom_css_gallery_item=&#8220;width: 33%; ||margin:0;||padding:0;&#8220; locked=&#8220;off&#8220; global_colors_info=&#8220;{}&#8220; custom_css_gallery_item_last_edited=&#8220;on|desktop&#8220; custom_css_gallery_item_phone=&#8220;width: 50% !important; ||margin:0%||&#8220; custom_css_before_last_edited=&#8220;on|desktop&#8220; custom_css_gallery_item_tablet=&#8220;margin: 0; ||width: 33%; ||height:auto;&#8220;][\/et_pb_gallery][et_pb_button button_text=&#8220;jo\u0161 slika&#8220; button_alignment=&#8220;center&#8220; module_id=&#8220;pa_load_more&#8220; _builder_version=&#8220;4.22.2&#8243; _module_preset=&#8220;default&#8220; custom_button=&#8220;on&#8220; button_text_color=&#8220;#FFFFFF&#8220; button_border_radius=&#8220;50px&#8220; global_colors_info=&#8220;{}&#8220;][\/et_pb_button][\/et_pb_column][\/et_pb_row][\/et_pb_section][et_pb_section fb_built=&#8220;1&#8243; _builder_version=&#8220;4.22.2&#8243; _module_preset=&#8220;default&#8220; background_color=&#8220;#000000&#8243; background_enable_image=&#8220;off&#8220; parallax=&#8220;on&#8220; custom_padding=&#8220;46px|||||&#8220; locked=&#8220;off&#8220; global_colors_info=&#8220;{}&#8220;][et_pb_row column_structure=&#8220;1_2,1_2&#8243; _builder_version=&#8220;4.22.2&#8243; _module_preset=&#8220;default&#8220; global_colors_info=&#8220;{}&#8220;][et_pb_column type=&#8220;1_2&#8243; _builder_version=&#8220;4.22.2&#8243; _module_preset=&#8220;default&#8220; global_colors_info=&#8220;{}&#8220;][et_pb_code _builder_version=&#8220;4.22.2&#8243; _module_preset=&#8220;default&#8220; global_colors_info=&#8220;{}&#8220;]<iframe data-src=\"https:\/\/www.google.com\/maps\/embed?pb=!1m14!1m8!1m3!1d1415.1690826660445!2d20.458782!3d44.81467500000001!3m2!1i1024!2i768!4f13.1!3m3!1m2!1s0x475a7ab280858a8d%3A0x9a5c950791ae622d!2smaster%20tattoo%20beograd!5e0!3m2!1sen!2sus!4v1696086633291!5m2!1sen!2sus\" width=\"600\" height=\"450\" style=\"border:0;\" allowfullscreen=\"\" referrerpolicy=\"no-referrer-when-downgrade\" src=\"data:image\/svg+xml;base64,PHN2ZyB3aWR0aD0iMSIgaGVpZ2h0PSIxIiB4bWxucz0iaHR0cDovL3d3dy53My5vcmcvMjAwMC9zdmciPjwvc3ZnPg==\" class=\"lazyload\" data-load-mode=\"1\"><\/iframe>[\/et_pb_code][\/et_pb_column][et_pb_column type=&#8220;1_2&#8243; _builder_version=&#8220;4.22.2&#8243; _module_preset=&#8220;default&#8220; global_colors_info=&#8220;{}&#8220;][et_pb_social_media_follow use_icon_font_size=&#8220;on&#8220; icon_font_size=&#8220;25px&#8220; _builder_version=&#8220;4.22.2&#8243; _module_preset=&#8220;default&#8220; global_colors_info=&#8220;{}&#8220;][et_pb_social_media_follow_network social_network=&#8220;instagram&#8220; url=&#8220;https:\/\/www.instagram.com\/dekitattoo\/&#8220; _builder_version=&#8220;4.22.2&#8243; _module_preset=&#8220;default&#8220; background_color=&#8220;#ea2c59&#8243; global_colors_info=&#8220;{}&#8220; follow_button=&#8220;off&#8220; url_new_window=&#8220;on&#8220;]instagram[\/et_pb_social_media_follow_network][et_pb_social_media_follow_network social_network=&#8220;whatsapp&#8220; url=&#8220;https:\/\/wa.me\/+381643770092&#8243; _builder_version=&#8220;4.22.2&#8243; _module_preset=&#8220;default&#8220; background_color=&#8220;#25D366&#8243; global_colors_info=&#8220;{}&#8220; follow_button=&#8220;off&#8220; url_new_window=&#8220;on&#8220;]whatsapp[\/et_pb_social_media_follow_network][et_pb_social_media_follow_network social_network=&#8220;facebook&#8220; url=&#8220;https:\/\/www.facebook.com\/mastertattoobeograd&#8220; _builder_version=&#8220;4.22.2&#8243; _module_preset=&#8220;default&#8220; background_color=&#8220;#3b5998&#8243; global_colors_info=&#8220;{}&#8220; follow_button=&#8220;off&#8220; url_new_window=&#8220;on&#8220;]facebook[\/et_pb_social_media_follow_network][et_pb_social_media_follow_network social_network=&#8220;youtube&#8220; url=&#8220;https:\/\/www.youtube.com\/@dekitattoo&#8220; _builder_version=&#8220;4.22.2&#8243; _module_preset=&#8220;default&#8220; background_color=&#8220;#a82400&#8243; global_colors_info=&#8220;{}&#8220; follow_button=&#8220;off&#8220; url_new_window=&#8220;on&#8220;]youtube[\/et_pb_social_media_follow_network][\/et_pb_social_media_follow][et_pb_text _builder_version=&#8220;4.22.2&#8243; _module_preset=&#8220;a152b680-4f9a-4db6-82b1-fdf1732a18e5&#8243; text_text_color=&#8220;rgba(255,255,255,0.7)&#8220; link_text_color=&#8220;#FFFFFF&#8220; text_orientation=&#8220;center&#8220; custom_padding=&#8220;||0px|||&#8220; global_colors_info=&#8220;{}&#8220;]<\/p>\n<div class=\"aiAXrc\" style=\"text-align: left;\">\n<p><strong>Radno Vreme:<br \/><\/strong><strong>Ponedeljak-Petak:<\/strong> 12-18<br \/><span class=\"s1\"><b>Subota-Nedelja:<\/b> 12:00-18:00 (dolazak samo uz rezervaciju, slobodno nas kontaktirajte za upite)<\/span><\/p>\n<\/div>\n<div class=\"aiAXrc\" style=\"text-align: left;\"><strong><br \/>Lokacija<\/strong>:<\/div>\n<div class=\"aiAXrc\" style=\"text-align: left;\">BEOGRAD, Mar\u0161ala Birjuzova 6<\/div>\n<div class=\"aiAXrc\" style=\"text-align: left;\"><strong><br \/>Telefon \/ Viber \/ WhatsApp:\u00a0<\/strong><\/div>\n<div class=\"aiAXrc\" style=\"text-align: left;\"><strong><span style=\"color: #ff6600;\"><a data-dtype=\"d3ph\" data-local-attribute=\"d3ph\" jscontroller=\"LWZElb\" href=\"tel:+381643770092\" jsdata=\"QKGTRc;_;BRfuTs\" jsaction=\"rcuQ6b:npT2md;F75qrd\" data-ved=\"2ahUKEwjVgdeM0Z2BAxWt_rsIHYDEC80QkAgoAHoECEYQAw\" style=\"color: #ff6600;\">+381643770092<\/a><\/span><\/strong><\/div>\n<p>[\/et_pb_text][et_pb_button button_url=&#8220;https:\/\/www.instagram.com\/dekitattoo\/&#8220; url_new_window=&#8220;on&#8220; button_text=&#8220;ZAKA\u017dI TERMIN&#8220; button_alignment=&#8220;left&#8220; _builder_version=&#8220;4.22.2&#8243; _module_preset=&#8220;aad26755-9701-4963-84c9-2f44dd5a7894&#8243; custom_margin=&#8220;20px||20px||false|false&#8220; locked=&#8220;off&#8220; global_colors_info=&#8220;{}&#8220;][\/et_pb_button][\/et_pb_column][\/et_pb_row][\/et_pb_section][et_pb_section fb_built=&#8220;1&#8243; admin_label=&#8220;Footer&#8220; _builder_version=&#8220;4.22.2&#8243; _module_preset=&#8220;default&#8220; background_color=&#8220;#000000&#8243; background_image=&#8220;http:\/\/tetoviranje.net\/wp-content\/uploads\/2023\/10\/Untitled-design-3.png&#8220; custom_margin=&#8220;43px|||||&#8220; border_color_all=&#8220;#FF5107&#8243; saved_tabs=&#8220;all&#8220; locked=&#8220;off&#8220; collapsed=&#8220;on&#8220; global_colors_info=&#8220;{}&#8220;][et_pb_row _builder_version=&#8220;4.22.2&#8243; _module_preset=&#8220;default&#8220; width_tablet=&#8220;&#8220; width_phone=&#8220;90%&#8220; width_last_edited=&#8220;on|phone&#8220; custom_margin=&#8220;-5px|auto||auto|false|false&#8220; custom_margin_tablet=&#8220;-5px|auto||auto|false|false&#8220; custom_margin_phone=&#8220;-5px|auto||auto|false|false&#8220; custom_margin_last_edited=&#8220;on|phone&#8220; custom_padding=&#8220;|||0px||&#8220; locked=&#8220;off&#8220; global_colors_info=&#8220;{}&#8220;][et_pb_column type=&#8220;4_4&#8243; _builder_version=&#8220;4.19.1&#8243; _module_preset=&#8220;default&#8220; global_colors_info=&#8220;{}&#8220;][et_pb_image src=&#8220;http:\/\/tetoviranje.net\/wp-content\/uploads\/2024\/10\/master-tattoo-piercing-studio-beograd.png&#8220; alt=&#8220;master tattoo &#038; piercing studio belgrad&#8220; title_text=&#8220;master tattoo &#038; piercing studio beograd&#8220; align=&#8220;center&#8220; _builder_version=&#8220;4.22.2&#8243; _module_preset=&#8220;default&#8220; width=&#8220;100%&#8220; max_width=&#8220;350px&#8220; global_colors_info=&#8220;{}&#8220;][\/et_pb_image][et_pb_menu submenu_direction=&#8220;upwards&#8220; active_link_color=&#8220;#FFFFFF&#8220; dropdown_menu_bg_color=&#8220;#000000&#8243; dropdown_menu_line_color=&#8220;#FFFFFF&#8220; dropdown_menu_text_color=&#8220;#FFFFFF&#8220; dropdown_menu_active_link_color=&#8220;#FFFFFF&#8220; mobile_menu_bg_color=&#8220;#000000&#8243; mobile_menu_text_color=&#8220;#FFFFFF&#8220; logo_url=&#8220;@ET-DC@eyJkeW5hbWljIjp0cnVlLCJjb250ZW50IjoiaG9tZV91cmwiLCJzZXR0aW5ncyI6e319@&#8220; cart_icon_color=&#8220;#FFFFFF&#8220; search_icon_color=&#8220;#FFFFFF&#8220; menu_icon_color=&#8220;#FFFFFF&#8220; _builder_version=&#8220;4.19.2&#8243; _dynamic_attributes=&#8220;logo_url&#8220; _module_preset=&#8220;default&#8220; menu_font=&#8220;Poppins|700|||||||&#8220; menu_text_color=&#8220;#FFFFFF&#8220; menu_font_size=&#8220;19px&#8220; background_enable_color=&#8220;off&#8220; text_orientation=&#8220;center&#8220; border_color_all_image=&#8220;#FFFFFF&#8220; global_colors_info=&#8220;{%22gcid-aeb94fc0-bc94-4d64-b449-16291c760e37%22:%91%22active_link_color%22,%22dropdown_menu_line_color%22,%22dropdown_menu_active_link_color%22%93}&#8220;][\/et_pb_menu][et_pb_text _builder_version=&#8220;4.22.2&#8243; _module_preset=&#8220;652e5e57-6742-4711-beb2-4813cd0f5f19&#8243; text_font=&#8220;Alex Brush||||||||&#8220; text_text_color=&#8220;rgba(255,255,255,0.7)&#8220; text_font_size=&#8220;40px&#8220; text_orientation=&#8220;center&#8220; width=&#8220;100%&#8220; max_width=&#8220;791px&#8220; module_alignment=&#8220;center&#8220; custom_margin=&#8220;|163px||||&#8220; custom_padding=&#8220;6px|0px||0px||&#8220; text_font_size_tablet=&#8220;30px&#8220; text_font_size_phone=&#8220;24px&#8220; locked=&#8220;off&#8220; global_colors_info=&#8220;{}&#8220;]<\/p>\n<p><em>&#8222;Tattoos have a power and magic all their own.<\/em><br \/><em>They decorate the body but they also enhance the soul.&#8220;<\/em><\/p>\n<p>Michelle Delio<\/p>\n<p>[\/et_pb_text][et_pb_social_media_follow icon_color=&#8220;#FFFFFF&#8220; use_icon_font_size=&#8220;on&#8220; _builder_version=&#8220;4.22.2&#8243; _module_preset=&#8220;default&#8220; text_orientation=&#8220;center&#8220; border_radii=&#8220;on|100px|100px|100px|100px&#8220; border_width_all=&#8220;0px&#8220; border_color_all=&#8220;#FFFFFF&#8220; locked=&#8220;off&#8220; global_colors_info=&#8220;{%22gcid-aeb94fc0-bc94-4d64-b449-16291c760e37%22:%91%22icon_color%22%93}&#8220;][et_pb_social_media_follow_network social_network=&#8220;instagram&#8220; url=&#8220;https:\/\/www.instagram.com\/dekitattoo\/&#8220; use_icon_font_size=&#8220;on&#8220; _builder_version=&#8220;4.22.2&#8243; _module_preset=&#8220;default&#8220; custom_padding=&#8220;4px|4px|4px|4px|true|true&#8220; global_colors_info=&#8220;{}&#8220; follow_button=&#8220;off&#8220; url_new_window=&#8220;on&#8220;]instagram[\/et_pb_social_media_follow_network][et_pb_social_media_follow_network social_network=&#8220;whatsapp&#8220; url=&#8220;https:\/\/wa.me\/+381643770092&#8243; use_icon_font_size=&#8220;on&#8220; icon_font_size=&#8220;20px&#8220; _builder_version=&#8220;4.22.2&#8243; _module_preset=&#8220;default&#8220; background_enable_color=&#8220;off&#8220; global_colors_info=&#8220;{}&#8220; follow_button=&#8220;off&#8220; url_new_window=&#8220;on&#8220;]whatsapp[\/et_pb_social_media_follow_network][et_pb_social_media_follow_network social_network=&#8220;facebook&#8220; url=&#8220;https:\/\/www.facebook.com\/mastertattoobeograd&#8220; _builder_version=&#8220;4.22.1&#8243; _module_preset=&#8220;default&#8220; custom_padding=&#8220;4px|4px|4px|4px|true|true&#8220; global_colors_info=&#8220;{}&#8220; follow_button=&#8220;off&#8220; url_new_window=&#8220;on&#8220;]facebook[\/et_pb_social_media_follow_network][et_pb_social_media_follow_network social_network=&#8220;youtube&#8220; url=&#8220;https:\/\/www.youtube.com\/@dekitattoo&#8220; use_icon_font_size=&#8220;on&#8220; icon_font_size=&#8220;20px&#8220; _builder_version=&#8220;4.22.2&#8243; _module_preset=&#8220;default&#8220; background_enable_color=&#8220;off&#8220; global_colors_info=&#8220;{}&#8220; follow_button=&#8220;off&#8220; url_new_window=&#8220;on&#8220;]youtube[\/et_pb_social_media_follow_network][\/et_pb_social_media_follow][\/et_pb_column][\/et_pb_row][\/et_pb_section]<\/p>\n","protected":false},"excerpt":{"rendered":"<p>GALERIJA Radno Vreme:Ponedeljak-Petak: 12-18Subota-Nedelja: 12:00-18:00 (dolazak samo uz rezervaciju, slobodno nas kontaktirajte za upite) Lokacija: BEOGRAD, Mar\u0161ala Birjuzova 6 Telefon \/ Viber \/ WhatsApp:\u00a0 +381643770092&#8243;Tattoos have a power and magic all their own.They decorate the body but they also enhance the soul.&#8220; Michelle Delio<\/p>\n","protected":false},"author":1,"featured_media":0,"parent":0,"menu_order":0,"comment_status":"closed","ping_status":"closed","template":"","meta":{"_et_pb_use_builder":"on","_et_pb_old_content":"","_et_gb_content_width":"","footnotes":""},"class_list":["post-125","page","type-page","status-publish","hentry"],"yoast_head":"<!-- This site is optimized with the Yoast SEO Premium plugin v23.4 (Yoast SEO v24.3) - https:\/\/yoast.com\/wordpress\/plugins\/seo\/ -->\n<title>Galerija Tetova\u017ea<\/title>\n<meta name=\"description\" content=\"Kontaktirajte Master Tattoo, vode\u0107i studio za tetova\u017ee i pirsing u Beogradu. Informacije i zakazivanje termina.\" \/>\n<meta name=\"robots\" content=\"index, follow, max-snippet:-1, max-image-preview:large, max-video-preview:-1\" \/>\n<link rel=\"canonical\" href=\"https:\/\/tetoviranje.net\/sr\/galerija\/\" \/>\n<meta property=\"og:locale\" content=\"sr_RS\" \/>\n<meta property=\"og:type\" content=\"article\" \/>\n<meta property=\"og:title\" content=\"Galerija\" \/>\n<meta property=\"og:description\" content=\"Kontaktirajte Master Tattoo, vode\u0107i studio za tetova\u017ee i pirsing u Beogradu. Informacije i zakazivanje termina.\" \/>\n<meta property=\"og:url\" content=\"https:\/\/tetoviranje.net\/sr\/galerija\/\" \/>\n<meta property=\"og:site_name\" content=\"MASTER TATTOO |\" \/>\n<meta property=\"article:publisher\" content=\"https:\/\/www.facebook.com\/mastertattoobeograd\" \/>\n<meta property=\"article:modified_time\" content=\"2025-07-29T11:39:44+00:00\" \/>\n<meta property=\"og:image\" content=\"https:\/\/tetoviranje.net\/wp-content\/uploads\/2023\/10\/tetoviranje.png\" \/>\n\t<meta property=\"og:image:width\" content=\"720\" \/>\n\t<meta property=\"og:image:height\" content=\"447\" \/>\n\t<meta property=\"og:image:type\" content=\"image\/png\" \/>\n<meta name=\"twitter:card\" content=\"summary_large_image\" \/>\n<meta name=\"twitter:label1\" content=\"\u041f\u0440\u043e\u0446\u0435\u045a\u0435\u043d\u043e \u0432\u0440\u0435\u043c\u0435 \u0447\u0438\u0442\u0430\u045a\u0430\" \/>\n\t<meta name=\"twitter:data1\" content=\"7 \u043c\u0438\u043d\u0443\u0442\u0430\" \/>\n<script type=\"application\/ld+json\" class=\"yoast-schema-graph\">{\"@context\":\"https:\/\/schema.org\",\"@graph\":[{\"@type\":\"WebPage\",\"@id\":\"https:\/\/tetoviranje.net\/sr\/galerija\/\",\"url\":\"https:\/\/tetoviranje.net\/sr\/galerija\/\",\"name\":\"Galerija Tetova\u017ea\",\"isPartOf\":{\"@id\":\"https:\/\/tetoviranje.net\/sr\/#website\"},\"datePublished\":\"2023-09-09T17:05:33+00:00\",\"dateModified\":\"2025-07-29T11:39:44+00:00\",\"description\":\"Kontaktirajte Master Tattoo, vode\u0107i studio za tetova\u017ee i pirsing u Beogradu. Informacije i zakazivanje termina.\",\"breadcrumb\":{\"@id\":\"https:\/\/tetoviranje.net\/sr\/galerija\/#breadcrumb\"},\"inLanguage\":\"sr-RS\",\"potentialAction\":[{\"@type\":\"ReadAction\",\"target\":[\"https:\/\/tetoviranje.net\/sr\/galerija\/\"]}]},{\"@type\":\"BreadcrumbList\",\"@id\":\"https:\/\/tetoviranje.net\/sr\/galerija\/#breadcrumb\",\"itemListElement\":[{\"@type\":\"ListItem\",\"position\":1,\"name\":\"Home\",\"item\":\"https:\/\/tetoviranje.net\/sr\/\"},{\"@type\":\"ListItem\",\"position\":2,\"name\":\"Galerija\"}]},{\"@type\":\"WebSite\",\"@id\":\"https:\/\/tetoviranje.net\/sr\/#website\",\"url\":\"https:\/\/tetoviranje.net\/sr\/\",\"name\":\"Master Tattoo Beograd\",\"description\":\"BEOGRAD\",\"publisher\":{\"@id\":\"https:\/\/tetoviranje.net\/sr\/#organization\"},\"alternateName\":\"Tattoo & Piercing Studio Beograd\",\"potentialAction\":[{\"@type\":\"SearchAction\",\"target\":{\"@type\":\"EntryPoint\",\"urlTemplate\":\"https:\/\/tetoviranje.net\/sr\/?s={search_term_string}\"},\"query-input\":{\"@type\":\"PropertyValueSpecification\",\"valueRequired\":true,\"valueName\":\"search_term_string\"}}],\"inLanguage\":\"sr-RS\"},{\"@type\":\"Organization\",\"@id\":\"https:\/\/tetoviranje.net\/sr\/#organization\",\"name\":\"Master Tattoo Beograd\",\"url\":\"https:\/\/tetoviranje.net\/sr\/\",\"logo\":{\"@type\":\"ImageObject\",\"inLanguage\":\"sr-RS\",\"@id\":\"https:\/\/tetoviranje.net\/sr\/#\/schema\/logo\/image\/\",\"url\":\"https:\/\/tetoviranje.net\/wp-content\/uploads\/2023\/10\/tetoviranje.png\",\"contentUrl\":\"https:\/\/tetoviranje.net\/wp-content\/uploads\/2023\/10\/tetoviranje.png\",\"width\":720,\"height\":447,\"caption\":\"Master Tattoo Beograd\"},\"image\":{\"@id\":\"https:\/\/tetoviranje.net\/sr\/#\/schema\/logo\/image\/\"},\"sameAs\":[\"https:\/\/www.facebook.com\/mastertattoobeograd\",\"https:\/\/www.instagram.com\/dekitattoo\/\",\"https:\/\/www.youtube.com\/@dekitattoo\"]}]}<\/script>\n<!-- \/ Yoast SEO Premium plugin. -->","yoast_head_json":{"title":"Galerija Tetova\u017ea","description":"Kontaktirajte Master Tattoo, vode\u0107i studio za tetova\u017ee i pirsing u Beogradu. Informacije i zakazivanje termina.","robots":{"index":"index","follow":"follow","max-snippet":"max-snippet:-1","max-image-preview":"max-image-preview:large","max-video-preview":"max-video-preview:-1"},"canonical":"https:\/\/tetoviranje.net\/sr\/galerija\/","og_locale":"sr_RS","og_type":"article","og_title":"Galerija","og_description":"Kontaktirajte Master Tattoo, vode\u0107i studio za tetova\u017ee i pirsing u Beogradu. Informacije i zakazivanje termina.","og_url":"https:\/\/tetoviranje.net\/sr\/galerija\/","og_site_name":"MASTER TATTOO |","article_publisher":"https:\/\/www.facebook.com\/mastertattoobeograd","article_modified_time":"2025-07-29T11:39:44+00:00","og_image":[{"width":720,"height":447,"url":"https:\/\/tetoviranje.net\/wp-content\/uploads\/2023\/10\/tetoviranje.png","type":"image\/png"}],"twitter_card":"summary_large_image","twitter_misc":{"\u041f\u0440\u043e\u0446\u0435\u045a\u0435\u043d\u043e \u0432\u0440\u0435\u043c\u0435 \u0447\u0438\u0442\u0430\u045a\u0430":"7 \u043c\u0438\u043d\u0443\u0442\u0430"},"schema":{"@context":"https:\/\/schema.org","@graph":[{"@type":"WebPage","@id":"https:\/\/tetoviranje.net\/sr\/galerija\/","url":"https:\/\/tetoviranje.net\/sr\/galerija\/","name":"Galerija Tetova\u017ea","isPartOf":{"@id":"https:\/\/tetoviranje.net\/sr\/#website"},"datePublished":"2023-09-09T17:05:33+00:00","dateModified":"2025-07-29T11:39:44+00:00","description":"Kontaktirajte Master Tattoo, vode\u0107i studio za tetova\u017ee i pirsing u Beogradu. Informacije i zakazivanje termina.","breadcrumb":{"@id":"https:\/\/tetoviranje.net\/sr\/galerija\/#breadcrumb"},"inLanguage":"sr-RS","potentialAction":[{"@type":"ReadAction","target":["https:\/\/tetoviranje.net\/sr\/galerija\/"]}]},{"@type":"BreadcrumbList","@id":"https:\/\/tetoviranje.net\/sr\/galerija\/#breadcrumb","itemListElement":[{"@type":"ListItem","position":1,"name":"Home","item":"https:\/\/tetoviranje.net\/sr\/"},{"@type":"ListItem","position":2,"name":"Galerija"}]},{"@type":"WebSite","@id":"https:\/\/tetoviranje.net\/sr\/#website","url":"https:\/\/tetoviranje.net\/sr\/","name":"Master Tattoo Beograd","description":"BEOGRAD","publisher":{"@id":"https:\/\/tetoviranje.net\/sr\/#organization"},"alternateName":"Tattoo & Piercing Studio Beograd","potentialAction":[{"@type":"SearchAction","target":{"@type":"EntryPoint","urlTemplate":"https:\/\/tetoviranje.net\/sr\/?s={search_term_string}"},"query-input":{"@type":"PropertyValueSpecification","valueRequired":true,"valueName":"search_term_string"}}],"inLanguage":"sr-RS"},{"@type":"Organization","@id":"https:\/\/tetoviranje.net\/sr\/#organization","name":"Master Tattoo Beograd","url":"https:\/\/tetoviranje.net\/sr\/","logo":{"@type":"ImageObject","inLanguage":"sr-RS","@id":"https:\/\/tetoviranje.net\/sr\/#\/schema\/logo\/image\/","url":"https:\/\/tetoviranje.net\/wp-content\/uploads\/2023\/10\/tetoviranje.png","contentUrl":"https:\/\/tetoviranje.net\/wp-content\/uploads\/2023\/10\/tetoviranje.png","width":720,"height":447,"caption":"Master Tattoo Beograd"},"image":{"@id":"https:\/\/tetoviranje.net\/sr\/#\/schema\/logo\/image\/"},"sameAs":["https:\/\/www.facebook.com\/mastertattoobeograd","https:\/\/www.instagram.com\/dekitattoo\/","https:\/\/www.youtube.com\/@dekitattoo"]}]}},"_links":{"self":[{"href":"https:\/\/tetoviranje.net\/sr\/wp-json\/wp\/v2\/pages\/125","targetHints":{"allow":["GET"]}}],"collection":[{"href":"https:\/\/tetoviranje.net\/sr\/wp-json\/wp\/v2\/pages"}],"about":[{"href":"https:\/\/tetoviranje.net\/sr\/wp-json\/wp\/v2\/types\/page"}],"author":[{"embeddable":true,"href":"https:\/\/tetoviranje.net\/sr\/wp-json\/wp\/v2\/users\/1"}],"replies":[{"embeddable":true,"href":"https:\/\/tetoviranje.net\/sr\/wp-json\/wp\/v2\/comments?post=125"}],"version-history":[{"count":57,"href":"https:\/\/tetoviranje.net\/sr\/wp-json\/wp\/v2\/pages\/125\/revisions"}],"predecessor-version":[{"id":3505,"href":"https:\/\/tetoviranje.net\/sr\/wp-json\/wp\/v2\/pages\/125\/revisions\/3505"}],"wp:attachment":[{"href":"https:\/\/tetoviranje.net\/sr\/wp-json\/wp\/v2\/media?parent=125"}],"curies":[{"name":"wp","href":"https:\/\/api.w.org\/{rel}","templated":true}]}}